{"id":890,"date":"2025-03-21T18:23:24","date_gmt":"2025-03-21T18:23:24","guid":{"rendered":"https:\/\/vtwingarage.fi\/?page_id=890"},"modified":"2025-05-30T14:17:51","modified_gmt":"2025-05-30T14:17:51","slug":"rengastyot","status":"publish","type":"page","link":"https:\/\/vtwingarage.fi\/en\/rengastyot\/","title":{"rendered":"Tire Works"},"content":{"rendered":"<div data-elementor-type=\"wp-page\" data-elementor-id=\"890\" class=\"elementor elementor-890\" data-elementor-post-type=\"page\">\n\t\t\t\t<div class=\"elementor-element elementor-element-9fd1210 e-flex e-con-boxed e-con e-parent\" data-id=\"9fd1210\" data-element_type=\"container\">\n\t\t\t\t\t<div class=\"e-con-inner\">\n\t\t\t\t<div class=\"elementor-element elementor-element-762486a elementor-widget__width-initial elementor-widget-mobile__width-initial elementor-widget elementor-widget-heading\" data-id=\"762486a\" data-element_type=\"widget\" data-widget_type=\"heading.default\">\n\t\t\t\t<div class=\"elementor-widget-container\">\n\t\t\t\t\t<h1 class=\"elementor-heading-title elementor-size-default\">Tire Works<\/h1>\t\t\t\t<\/div>\n\t\t\t\t<\/div>\n\t\t\t\t\t<\/div>\n\t\t\t\t<\/div>\n\t\t<div class=\"elementor-element elementor-element-9774584 e-flex e-con-boxed e-con e-parent\" data-id=\"9774584\" data-element_type=\"container\">\n\t\t\t\t\t<div class=\"e-con-inner\">\n\t\t<div class=\"elementor-element elementor-element-f2ed2e6 e-con-full e-flex e-con e-child\" data-id=\"f2ed2e6\" data-element_type=\"container\">\n\t\t\t\t<div class=\"elementor-element elementor-element-62bac1e elementor-widget elementor-widget-text-editor\" data-id=\"62bac1e\" data-element_type=\"widget\" data-widget_type=\"text-editor.default\">\n\t\t\t\t<div class=\"elementor-widget-container\">\n\t\t\t\t\t\t\t\t\t<p><strong>We offer tires for all motorcycles. We offer tires that best suit your riding style or bike, according to your taste. Professionally installed gear changes, balancing, chain and belt adjustment.<\/strong><\/p>\t\t\t\t\t\t\t\t<\/div>\n\t\t\t\t<\/div>\n\t\t\t\t<\/div>\n\t\t\t\t<div class=\"elementor-element elementor-element-230bfcc elementor-widget elementor-widget-image\" data-id=\"230bfcc\" data-element_type=\"widget\" data-widget_type=\"image.default\">\n\t\t\t\t<div class=\"elementor-widget-container\">\n\t\t\t\t\t\t\t\t\t\t\t\t\t\t\t<img fetchpriority=\"high\" decoding=\"async\" width=\"800\" height=\"450\" src=\"https:\/\/vtwingarage.fi\/wp-content\/uploads\/2025\/05\/134443598-f597f75e-40a0-4952-b372-7f722c1e02bf-1.jpg\" class=\"attachment-large size-large wp-image-81495\" alt=\"\" srcset=\"https:\/\/vtwingarage.fi\/wp-content\/uploads\/2025\/05\/134443598-f597f75e-40a0-4952-b372-7f722c1e02bf-1.jpg 800w, https:\/\/vtwingarage.fi\/wp-content\/uploads\/2025\/05\/134443598-f597f75e-40a0-4952-b372-7f722c1e02bf-1-300x169.jpg 300w, https:\/\/vtwingarage.fi\/wp-content\/uploads\/2025\/05\/134443598-f597f75e-40a0-4952-b372-7f722c1e02bf-1-768x432.jpg 768w, https:\/\/vtwingarage.fi\/wp-content\/uploads\/2025\/05\/134443598-f597f75e-40a0-4952-b372-7f722c1e02bf-1-600x338.jpg 600w\" sizes=\"(max-width: 800px) 100vw, 800px\" \/>\t\t\t\t\t\t\t\t\t\t\t\t\t\t\t<\/div>\n\t\t\t\t<\/div>\n\t\t\t\t\t<\/div>\n\t\t\t\t<\/div>\n\t\t\t\t<\/div>","protected":false},"excerpt":{"rendered":"<p>Rengasty\u00f6t Kauttamme saat kaikkiin moottoripy\u00f6riin renkaat. Voimme tarjota ajotapaasi tai py\u00f6r\u00e4\u00e4n parhaiten sopivat renkaat makuusi mukaan. Vaihdot, tasapainotukset, ketju -ja remmis\u00e4\u00e4d\u00f6t asennettuna ammattitaidolla.<\/p>","protected":false},"author":2,"featured_media":0,"parent":0,"menu_order":0,"comment_status":"closed","ping_status":"closed","template":"elementor_header_footer","meta":{"footnotes":""},"class_list":["post-890","page","type-page","status-publish","hentry","entry","owp-thumbs-layout-horizontal","owp-btn-normal","owp-tabs-layout-horizontal","has-no-thumbnails","has-product-nav"],"_links":{"self":[{"href":"https:\/\/vtwingarage.fi\/en\/wp-json\/wp\/v2\/pages\/890","targetHints":{"allow":["GET"]}}],"collection":[{"href":"https:\/\/vtwingarage.fi\/en\/wp-json\/wp\/v2\/pages"}],"about":[{"href":"https:\/\/vtwingarage.fi\/en\/wp-json\/wp\/v2\/types\/page"}],"author":[{"embeddable":true,"href":"https:\/\/vtwingarage.fi\/en\/wp-json\/wp\/v2\/users\/2"}],"replies":[{"embeddable":true,"href":"https:\/\/vtwingarage.fi\/en\/wp-json\/wp\/v2\/comments?post=890"}],"version-history":[{"count":145,"href":"https:\/\/vtwingarage.fi\/en\/wp-json\/wp\/v2\/pages\/890\/revisions"}],"predecessor-version":[{"id":145820,"href":"https:\/\/vtwingarage.fi\/en\/wp-json\/wp\/v2\/pages\/890\/revisions\/145820"}],"wp:attachment":[{"href":"https:\/\/vtwingarage.fi\/en\/wp-json\/wp\/v2\/media?parent=890"}],"curies":[{"name":"wp","href":"https:\/\/api.w.org\/{rel}","templated":true}]}}