{"id":858,"date":"2025-03-21T18:07:26","date_gmt":"2025-03-21T18:07:26","guid":{"rendered":"https:\/\/vtwingarage.fi\/?page_id=858"},"modified":"2025-05-30T14:19:36","modified_gmt":"2025-05-30T14:19:36","slug":"taydellinen-moottoriremontti","status":"publish","type":"page","link":"https:\/\/vtwingarage.fi\/en\/taydellinen-moottoriremontti\/","title":{"rendered":"T\u00e4ydellinen Moottoriremontti"},"content":{"rendered":"<div data-elementor-type=\"wp-page\" data-elementor-id=\"858\" class=\"elementor elementor-858\" data-elementor-post-type=\"page\">\n\t\t\t\t<div class=\"elementor-element elementor-element-687e581 e-flex e-con-boxed e-con e-parent\" data-id=\"687e581\" data-element_type=\"container\">\n\t\t\t\t\t<div class=\"e-con-inner\">\n\t\t\t\t<div class=\"elementor-element elementor-element-c05629e elementor-widget elementor-widget-heading\" data-id=\"c05629e\" data-element_type=\"widget\" data-widget_type=\"heading.default\">\n\t\t\t\t<div class=\"elementor-widget-container\">\n\t\t\t\t\t<h1 class=\"elementor-heading-title elementor-size-default\">Complete engine maintenance<\/h1>\t\t\t\t<\/div>\n\t\t\t\t<\/div>\n\t\t\t\t\t<\/div>\n\t\t\t\t<\/div>\n\t\t<div class=\"elementor-element elementor-element-fe3f21e e-flex e-con-boxed e-con e-parent\" data-id=\"fe3f21e\" data-element_type=\"container\">\n\t\t\t\t\t<div class=\"e-con-inner\">\n\t\t<div class=\"elementor-element elementor-element-1845a0d e-con-full e-flex e-con e-child\" data-id=\"1845a0d\" data-element_type=\"container\">\n\t\t\t\t<div class=\"elementor-element elementor-element-ebdf796 elementor-widget elementor-widget-text-editor\" data-id=\"ebdf796\" data-element_type=\"widget\" data-widget_type=\"text-editor.default\">\n\t\t\t\t<div class=\"elementor-widget-container\">\n\t\t\t\t\t\t\t\t\t<p><strong>We specialize in motor vehicle pickups. Kampiakslin reims, nichtszaen tiltokankien and tappien vaioto and oikais and verschimeninen. Cylinder bore and complete capsule repair.<\/strong><br \/><strong>We do engine upgrades and significant power increases on demand, just for racing.<\/strong><\/p>\t\t\t\t\t\t\t\t<\/div>\n\t\t\t\t<\/div>\n\t\t\t\t<\/div>\n\t\t\t\t<div class=\"elementor-element elementor-element-1307810 elementor-widget elementor-widget-image\" data-id=\"1307810\" data-element_type=\"widget\" data-widget_type=\"image.default\">\n\t\t\t\t<div class=\"elementor-widget-container\">\n\t\t\t\t\t\t\t\t\t\t\t\t\t\t\t<img fetchpriority=\"high\" decoding=\"async\" width=\"1920\" height=\"1280\" src=\"https:\/\/vtwingarage.fi\/wp-content\/uploads\/2025\/05\/Nimega-27.jpg\" class=\"attachment-full size-full wp-image-81360\" alt=\"\" srcset=\"https:\/\/vtwingarage.fi\/wp-content\/uploads\/2025\/05\/Nimega-27.jpg 1920w, https:\/\/vtwingarage.fi\/wp-content\/uploads\/2025\/05\/Nimega-27-300x200.jpg 300w, https:\/\/vtwingarage.fi\/wp-content\/uploads\/2025\/05\/Nimega-27-1024x683.jpg 1024w, https:\/\/vtwingarage.fi\/wp-content\/uploads\/2025\/05\/Nimega-27-768x512.jpg 768w, https:\/\/vtwingarage.fi\/wp-content\/uploads\/2025\/05\/Nimega-27-1536x1024.jpg 1536w, https:\/\/vtwingarage.fi\/wp-content\/uploads\/2025\/05\/Nimega-27-600x400.jpg 600w\" sizes=\"(max-width: 1920px) 100vw, 1920px\" \/>\t\t\t\t\t\t\t\t\t\t\t\t\t\t\t<\/div>\n\t\t\t\t<\/div>\n\t\t\t\t\t<\/div>\n\t\t\t\t<\/div>\n\t\t\t\t<\/div>","protected":false},"excerpt":{"rendered":"<p>T\u00e4ydellinen moottoriremontti Olemme erikoistuneet tekem\u00e4\u00e4n moottoriremontteja. Kampiakselin korjaus, sis\u00e4lt\u00e4en kiertokankien ja tappien vaihto, sek\u00e4 oikaisu ja vahvistaminen. Sylinterien poraus ja t\u00e4ydellinen kansiremontti.Tilauksesta teemme moottoreiden kasvatuksia ja huomattavia tehonlis\u00e4yksi\u00e4 vain\u00a0kilpak\u00e4ytt\u00f6\u00f6n.<\/p>","protected":false},"author":2,"featured_media":0,"parent":0,"menu_order":0,"comment_status":"closed","ping_status":"closed","template":"elementor_header_footer","meta":{"footnotes":""},"class_list":["post-858","page","type-page","status-publish","hentry","entry","owp-thumbs-layout-horizontal","owp-btn-normal","owp-tabs-layout-horizontal","has-no-thumbnails","has-product-nav"],"_links":{"self":[{"href":"https:\/\/vtwingarage.fi\/en\/wp-json\/wp\/v2\/pages\/858","targetHints":{"allow":["GET"]}}],"collection":[{"href":"https:\/\/vtwingarage.fi\/en\/wp-json\/wp\/v2\/pages"}],"about":[{"href":"https:\/\/vtwingarage.fi\/en\/wp-json\/wp\/v2\/types\/page"}],"author":[{"embeddable":true,"href":"https:\/\/vtwingarage.fi\/en\/wp-json\/wp\/v2\/users\/2"}],"replies":[{"embeddable":true,"href":"https:\/\/vtwingarage.fi\/en\/wp-json\/wp\/v2\/comments?post=858"}],"version-history":[{"count":136,"href":"https:\/\/vtwingarage.fi\/en\/wp-json\/wp\/v2\/pages\/858\/revisions"}],"predecessor-version":[{"id":146051,"href":"https:\/\/vtwingarage.fi\/en\/wp-json\/wp\/v2\/pages\/858\/revisions\/146051"}],"wp:attachment":[{"href":"https:\/\/vtwingarage.fi\/en\/wp-json\/wp\/v2\/media?parent=858"}],"curies":[{"name":"wp","href":"https:\/\/api.w.org\/{rel}","templated":true}]}}