{"id":817,"date":"2025-03-20T20:11:25","date_gmt":"2025-03-20T20:11:25","guid":{"rendered":"https:\/\/vtwingarage.fi\/?page_id=817"},"modified":"2025-05-30T14:11:47","modified_gmt":"2025-05-30T14:11:47","slug":"dynopalvelut","status":"publish","type":"page","link":"https:\/\/vtwingarage.fi\/en\/dynopalvelut\/","title":{"rendered":"Dyno Services"},"content":{"rendered":"<div data-elementor-type=\"wp-page\" data-elementor-id=\"817\" class=\"elementor elementor-817\" data-elementor-post-type=\"page\">\n\t\t\t\t<div class=\"elementor-element elementor-element-3eec700 e-flex e-con-boxed e-con e-parent\" data-id=\"3eec700\" data-element_type=\"container\">\n\t\t\t\t\t<div class=\"e-con-inner\">\n\t\t<div class=\"elementor-element elementor-element-ce8ae19 e-con-full e-flex e-con e-child\" data-id=\"ce8ae19\" data-element_type=\"container\">\n\t\t\t\t<div class=\"elementor-element elementor-element-75d9c6e elementor-widget__width-initial elementor-widget elementor-widget-heading\" data-id=\"75d9c6e\" data-element_type=\"widget\" data-widget_type=\"heading.default\">\n\t\t\t\t<div class=\"elementor-widget-container\">\n\t\t\t\t\t<h1 class=\"elementor-heading-title elementor-size-default\">Dynopalvelu<\/h1>\t\t\t\t<\/div>\n\t\t\t\t<\/div>\n\t\t\t\t<div class=\"elementor-element elementor-element-6818b1a elementor-widget__width-initial elementor-widget elementor-widget-text-editor\" data-id=\"6818b1a\" data-element_type=\"widget\" data-widget_type=\"text-editor.default\">\n\t\t\t\t<div class=\"elementor-widget-container\">\n\t\t\t\t\t\t\t\t\t<p><strong>JARRULILLINEN DYNOPENKKI<\/strong><br \/><strong>We use our DynoJet software to test the bench. The bench was replaced with its own enclosed space, adequate ventilation was installed. The minimum ventilation rate is 10 times\/min. and a proper exhaust pipe.<\/strong><br \/><strong>The room also has special fans for cooling the engine.<\/strong><br \/><strong>Unlike cheaper inertia-type dynos, we use an electric brake, which ensures the correct load on the engine in all speed ranges and allows for the most precise adjustment.<\/strong><br \/><strong>The bench allows for great adjustments, troubleshooting and even working with a repaired\/new engine. You will always get optimal results and can pull hard right away.<\/strong><\/p>\t\t\t\t\t\t\t\t<\/div>\n\t\t\t\t<\/div>\n\t\t\t\t<\/div>\n\t\t\t\t<div class=\"elementor-element elementor-element-65ca490 elementor-widget elementor-widget-image\" data-id=\"65ca490\" data-element_type=\"widget\" data-widget_type=\"image.default\">\n\t\t\t\t<div class=\"elementor-widget-container\">\n\t\t\t\t\t\t\t\t\t\t\t\t\t\t\t<img fetchpriority=\"high\" decoding=\"async\" width=\"1080\" height=\"1920\" src=\"https:\/\/vtwingarage.fi\/wp-content\/uploads\/2025\/05\/Green-Collage-Ad-Business-Instagram-Story.jpg\" class=\"attachment-full size-full wp-image-81125\" alt=\"\" srcset=\"https:\/\/vtwingarage.fi\/wp-content\/uploads\/2025\/05\/Green-Collage-Ad-Business-Instagram-Story.jpg 1080w, https:\/\/vtwingarage.fi\/wp-content\/uploads\/2025\/05\/Green-Collage-Ad-Business-Instagram-Story-169x300.jpg 169w, https:\/\/vtwingarage.fi\/wp-content\/uploads\/2025\/05\/Green-Collage-Ad-Business-Instagram-Story-576x1024.jpg 576w, https:\/\/vtwingarage.fi\/wp-content\/uploads\/2025\/05\/Green-Collage-Ad-Business-Instagram-Story-768x1365.jpg 768w, https:\/\/vtwingarage.fi\/wp-content\/uploads\/2025\/05\/Green-Collage-Ad-Business-Instagram-Story-864x1536.jpg 864w, https:\/\/vtwingarage.fi\/wp-content\/uploads\/2025\/05\/Green-Collage-Ad-Business-Instagram-Story-600x1067.jpg 600w\" sizes=\"(max-width: 1080px) 100vw, 1080px\" \/>\t\t\t\t\t\t\t\t\t\t\t\t\t\t\t<\/div>\n\t\t\t\t<\/div>\n\t\t\t\t\t<\/div>\n\t\t\t\t<\/div>\n\t\t\t\t<\/div>","protected":false},"excerpt":{"rendered":"<p>Dynopalvelu JARRULILLINEN DYNOPENKKIK\u00e4yt\u00e4mme omassa penkiss\u00e4mme DynoJetin ohjelmistoa. Penkki asennettiin omaan suljettuun tilaansa, mihin laitettiin riitt\u00e4v\u00e4 ilmanvaihto. Minimi ilmanvaihtom\u00e4\u00e4r\u00e4 on 10 krt\/min. ja kunnollinen pakokaasujen poisto.Tilassa on my\u00f6s erilliset tuulettimet moottorin j\u00e4\u00e4hdytykselle.Toisin kuin halvemmissa inertia tyypin Dynoissa k\u00e4yt\u00e4mme s\u00e4hk\u00f6jarrua, miss\u00e4 saadaan moottorille varmasti oikea kuormitus kaikilla kierrosalueilla ja p\u00e4\u00e4st\u00e4\u00e4n mahdollisimman tarkkoihin s\u00e4\u00e4t\u00f6ihin.Penkiss\u00e4 onnistuu loistavat s\u00e4\u00e4d\u00f6t, vian [&hellip;]<\/p>","protected":false},"author":2,"featured_media":0,"parent":0,"menu_order":0,"comment_status":"closed","ping_status":"closed","template":"elementor_header_footer","meta":{"footnotes":""},"class_list":["post-817","page","type-page","status-publish","hentry","entry","owp-thumbs-layout-horizontal","owp-btn-normal","owp-tabs-layout-horizontal","has-no-thumbnails","has-product-nav"],"_links":{"self":[{"href":"https:\/\/vtwingarage.fi\/en\/wp-json\/wp\/v2\/pages\/817","targetHints":{"allow":["GET"]}}],"collection":[{"href":"https:\/\/vtwingarage.fi\/en\/wp-json\/wp\/v2\/pages"}],"about":[{"href":"https:\/\/vtwingarage.fi\/en\/wp-json\/wp\/v2\/types\/page"}],"author":[{"embeddable":true,"href":"https:\/\/vtwingarage.fi\/en\/wp-json\/wp\/v2\/users\/2"}],"replies":[{"embeddable":true,"href":"https:\/\/vtwingarage.fi\/en\/wp-json\/wp\/v2\/comments?post=817"}],"version-history":[{"count":86,"href":"https:\/\/vtwingarage.fi\/en\/wp-json\/wp\/v2\/pages\/817\/revisions"}],"predecessor-version":[{"id":145203,"href":"https:\/\/vtwingarage.fi\/en\/wp-json\/wp\/v2\/pages\/817\/revisions\/145203"}],"wp:attachment":[{"href":"https:\/\/vtwingarage.fi\/en\/wp-json\/wp\/v2\/media?parent=817"}],"curies":[{"name":"wp","href":"https:\/\/api.w.org\/{rel}","templated":true}]}}