{"id":80352,"date":"2025-04-20T10:58:56","date_gmt":"2025-04-20T10:58:56","guid":{"rendered":"https:\/\/vtwingarage.fi\/?page_id=80352"},"modified":"2025-05-30T14:14:58","modified_gmt":"2025-05-30T14:14:58","slug":"motocrosspyorat-mopot","status":"publish","type":"page","link":"https:\/\/vtwingarage.fi\/en\/motocrosspyorat-mopot\/","title":{"rendered":"Motocrosspy\u00f6r\u00e4t\/Mopot"},"content":{"rendered":"<div data-elementor-type=\"wp-page\" data-elementor-id=\"80352\" class=\"elementor elementor-80352\" data-elementor-post-type=\"page\">\n\t\t\t\t<div class=\"elementor-element elementor-element-1e2dcc3a e-con-full e-flex e-con e-parent\" data-id=\"1e2dcc3a\" data-element_type=\"container\">\n\t\t\t\t<div class=\"elementor-element elementor-element-20338e9a elementor-widget__width-initial elementor-widget elementor-widget-heading\" data-id=\"20338e9a\" data-element_type=\"widget\" data-widget_type=\"heading.default\">\n\t\t\t\t<div class=\"elementor-widget-container\">\n\t\t\t\t\t<h3 class=\"elementor-heading-title elementor-size-default\"><a href=\"https:\/\/vtwingarage.fi\/en\/1000-km-harley-davidson-maintenance-service\/?preview_id=621&#038;preview_nonce=e58ec9a05d&#038;preview=true\">Motocross bike\/Mopeds<\/a><\/h3>\t\t\t\t<\/div>\n\t\t\t\t<\/div>\n\t\t\t\t<\/div>\n\t\t<div class=\"elementor-element elementor-element-81dfd7f e-con-full e-flex e-con e-parent\" data-id=\"81dfd7f\" data-element_type=\"container\">\n\t\t<div class=\"elementor-element elementor-element-a3d8388 e-con-full e-flex e-con e-child\" data-id=\"a3d8388\" data-element_type=\"container\">\n\t\t\t\t<div class=\"elementor-element elementor-element-e5cb4ce elementor-widget__width-initial elementor-widget-mobile__width-initial elementor-widget elementor-widget-text-editor\" data-id=\"e5cb4ce\" data-element_type=\"widget\" data-widget_type=\"text-editor.default\">\n\t\t\t\t<div class=\"elementor-widget-container\">\n\t\t\t\t\t\t\t\t\t<p>Strong background \u2013 uncompromising accuracy<br \/>One of our company members has been involved in motocross at a competitive level for a long time, which has shaped our relationship with the sport and motocross racing bikes in particular. It is this passion and experience that gives us the.<br \/>with uncompromising precision and dedication to our work.<\/p><ul><li><strong>Engine work and tuning<br \/><\/strong>Palveluihimme kuuluu muun muassa t\u00e4ydellinen moottoriremontti sek\u00e4laaja-alainen moottorin viritys.\u00a0Suoritamme viritysty\u00f6t huolellisesti ja\u00a0hallitusti dynopenkiss\u00e4, jossa moottorin teho ja k\u00e4yntiominaisuudet\u00a0voidaan optimoida todellisiin mittausarvoihin perustuen. Tarvittaessa\u00a0teemme kanavien muokkauksia, lohkojen kohdistuksia,\u00a0kansimuokkauksia ja muita yksil\u00f6llisi\u00e4 toimenpiteit\u00e4 suorituskyvyn ja\u00a0vasteen parantamiseksi. K\u00e4yt\u00f6ss\u00e4mme on erikoisty\u00f6kaluja, joiden avulla\u00a0varmistamme laadukkaan ja toistettavan ty\u00f6nj\u00e4ljen my\u00f6s vaativimmissa\u00a0projekteissa.\u00a0Lis\u00e4ksi voimme sis\u00e4\u00e4najaa juuri rakennetut moottorit s\u00e4hk\u00f6jarrullisella\u00a0dynopenkill\u00e4, jolloin moottori saadaan heti oikeaan kuormitukseen\u00a0hallitussa ymp\u00e4rist\u00f6ss\u00e4. T\u00e4m\u00e4 ehk\u00e4isee virheit\u00e4 ja varmistaa turvallisen\u00a0sek\u00e4 tehokkaan k\u00e4ytt\u00f6\u00f6noton kuten kilpapy\u00f6r\u00e4lt\u00e4 vaaditaan.<\/li><li>Mopeds and scooters<br \/>Huollamme ja virit\u00e4mme my\u00f6s mopoja ja skoottereita kattavasti. Tarjoamme kaikki teknisesti mahdolliset viritys- ja optimointipalvelut: sylinteriasennukset, kaasutins\u00e4\u00e4d\u00f6t, pakoputkistot, sytytysj\u00e4rjestelm\u00e4n asennukset, viilaukset ja vaihteistojen hienos\u00e4\u00e4d\u00f6t. Jokainen ty\u00f6\u00a0tehd\u00e4\u00e4n tarkasti, ajoneuvon k\u00e4ytt\u00f6tarkoitus ja voimassa olevat\u00a0s\u00e4\u00e4d\u00f6kset huomioiden.\u00a0<\/li><li>Spare parts and import<br \/>Olemme toimineet Parts Europen virallisena maahantuojana jo yli 10\u00a0vuoden ajan. Parts Europe on yksi maailman johtavista jakelijoista\u00a0motocross-, moottoripy\u00f6r\u00e4- ja powersports-tuotteissa. Sen laajasta\u00a0valikoimasta l\u00f6yd\u00e4mme nopeasti kaiken tarvittavan niin harraste- kuin\u00a0kilpak\u00e4ytt\u00f6\u00f6n: varaosat, viritysosat, ajovarusteet, \u00f6ljyt ja tarvikkeet\u00a0tunnetuilta laatumerkeilt\u00e4 kuten FMF, Vertex, Renthal, Alpinestars ja\u00a0Bel-Ray.<\/li><\/ul>\t\t\t\t\t\t\t\t<\/div>\n\t\t\t\t<\/div>\n\t\t\t\t<\/div>\n\t\t<div class=\"elementor-element elementor-element-ecbb967 e-con-full e-flex e-con e-child\" data-id=\"ecbb967\" data-element_type=\"container\">\n\t\t\t\t<div class=\"elementor-element elementor-element-a734297 elementor-widget__width-initial elementor-widget elementor-widget-image\" data-id=\"a734297\" data-element_type=\"widget\" data-widget_type=\"image.default\">\n\t\t\t\t<div class=\"elementor-widget-container\">\n\t\t\t\t\t\t\t\t\t\t\t\t\t\t\t<img fetchpriority=\"high\" decoding=\"async\" width=\"640\" height=\"427\" src=\"https:\/\/vtwingarage.fi\/wp-content\/uploads\/2025\/05\/bike-4500339_640.jpg\" class=\"attachment-medium_large size-medium_large wp-image-80610\" alt=\"\" srcset=\"https:\/\/vtwingarage.fi\/wp-content\/uploads\/2025\/05\/bike-4500339_640.jpg 640w, https:\/\/vtwingarage.fi\/wp-content\/uploads\/2025\/05\/bike-4500339_640-300x200.jpg 300w, https:\/\/vtwingarage.fi\/wp-content\/uploads\/2025\/05\/bike-4500339_640-600x400.jpg 600w\" sizes=\"(max-width: 640px) 100vw, 640px\" \/>\t\t\t\t\t\t\t\t\t\t\t\t\t\t\t<\/div>\n\t\t\t\t<\/div>\n\t\t\t\t<\/div>\n\t\t\t\t<\/div>\n\t\t\t\t<\/div>","protected":false},"excerpt":{"rendered":"<p>Motocrosspy\u00f6r\u00e4t\/ Mopot Vahva tausta \u2013 tinkim\u00e4t\u00f6nt\u00e4 tarkkuuttaYksi yrityksemme j\u00e4senist\u00e4 on harrastanut motocrossia kilpailutasolla jo pitk\u00e4\u00e4n, mik\u00e4 on muokannut suhdettamme lajiin ja erityisesti motocross- kilpapy\u00f6riin. T\u00e4m\u00e4n intohimon ja kokemuksen ansiosta suhtaudummety\u00f6h\u00f6mme tinkim\u00e4tt\u00f6m\u00e4ll\u00e4 tarkkuudella ja omistautumisella. Moottority\u00f6t ja viritysPalveluihimme kuuluu muun muassa t\u00e4ydellinen moottoriremontti sek\u00e4laaja-alainen moottorin viritys.\u00a0Suoritamme viritysty\u00f6t huolellisesti ja\u00a0hallitusti dynopenkiss\u00e4, jossa moottorin teho ja k\u00e4yntiominaisuudet\u00a0voidaan optimoida [&hellip;]<\/p>","protected":false},"author":3,"featured_media":0,"parent":0,"menu_order":0,"comment_status":"closed","ping_status":"closed","template":"elementor_header_footer","meta":{"footnotes":""},"class_list":["post-80352","page","type-page","status-publish","hentry","entry","owp-thumbs-layout-horizontal","owp-btn-normal","owp-tabs-layout-horizontal","has-no-thumbnails","has-product-nav"],"_links":{"self":[{"href":"https:\/\/vtwingarage.fi\/en\/wp-json\/wp\/v2\/pages\/80352","targetHints":{"allow":["GET"]}}],"collection":[{"href":"https:\/\/vtwingarage.fi\/en\/wp-json\/wp\/v2\/pages"}],"about":[{"href":"https:\/\/vtwingarage.fi\/en\/wp-json\/wp\/v2\/types\/page"}],"author":[{"embeddable":true,"href":"https:\/\/vtwingarage.fi\/en\/wp-json\/wp\/v2\/users\/3"}],"replies":[{"embeddable":true,"href":"https:\/\/vtwingarage.fi\/en\/wp-json\/wp\/v2\/comments?post=80352"}],"version-history":[{"count":113,"href":"https:\/\/vtwingarage.fi\/en\/wp-json\/wp\/v2\/pages\/80352\/revisions"}],"predecessor-version":[{"id":145478,"href":"https:\/\/vtwingarage.fi\/en\/wp-json\/wp\/v2\/pages\/80352\/revisions\/145478"}],"wp:attachment":[{"href":"https:\/\/vtwingarage.fi\/en\/wp-json\/wp\/v2\/media?parent=80352"}],"curies":[{"name":"wp","href":"https:\/\/api.w.org\/{rel}","templated":true}]}}