{"id":80346,"date":"2025-04-20T10:57:05","date_gmt":"2025-04-20T10:57:05","guid":{"rendered":"https:\/\/vtwingarage.fi\/?page_id=80346"},"modified":"2025-05-30T14:16:09","modified_gmt":"2025-05-30T14:16:09","slug":"mp-merkkien-huolto","status":"publish","type":"page","link":"https:\/\/vtwingarage.fi\/en\/mp-merkkien-huolto\/","title":{"rendered":"Maintenance of MP brands"},"content":{"rendered":"<div data-elementor-type=\"wp-page\" data-elementor-id=\"80346\" class=\"elementor elementor-80346\" data-elementor-post-type=\"page\">\n\t\t\t\t<div class=\"elementor-element elementor-element-47b04103 e-flex e-con-boxed e-con e-parent\" data-id=\"47b04103\" data-element_type=\"container\">\n\t\t\t\t\t<div class=\"e-con-inner\">\n\t\t\t\t<div class=\"elementor-element elementor-element-55cafec3 elementor-widget__width-initial elementor-widget elementor-widget-heading\" data-id=\"55cafec3\" data-element_type=\"widget\" data-widget_type=\"heading.default\">\n\t\t\t\t<div class=\"elementor-widget-container\">\n\t\t\t\t\t<h3 class=\"elementor-heading-title elementor-size-default\"><a href=\"https:\/\/vtwingarage.fi\/en\/1000-km-harley-davidson-maintenance-service\/?preview_id=621&#038;preview_nonce=e58ec9a05d&#038;preview=true\">Maintenance of MP brands<\/a><\/h3>\t\t\t\t<\/div>\n\t\t\t\t<\/div>\n\t\t\t\t\t<\/div>\n\t\t\t\t<\/div>\n\t\t<div class=\"elementor-element elementor-element-0db6462 e-flex e-con-boxed e-con e-parent\" data-id=\"0db6462\" data-element_type=\"container\">\n\t\t\t\t\t<div class=\"e-con-inner\">\n\t\t<div class=\"elementor-element elementor-element-80e5bde e-con-full e-flex e-con e-child\" data-id=\"80e5bde\" data-element_type=\"container\">\n\t\t\t\t<div class=\"elementor-element elementor-element-6afebcd elementor-widget__width-initial elementor-widget elementor-widget-text-editor\" data-id=\"6afebcd\" data-element_type=\"widget\" data-widget_type=\"text-editor.default\">\n\t\t\t\t<div class=\"elementor-widget-container\">\n\t\t\t\t\t\t\t\t\t<p><strong>We perform maintenance on motorcycles of various brands according to the manufacturer's regulations and recommendations.<\/strong><br \/><strong>Our services include regular street motorcycles as well as cruisers, touring bikes, custom bikes, and motocross bikes.<\/strong><\/p>\t\t\t\t\t\t\t\t<\/div>\n\t\t\t\t<\/div>\n\t\t\t\t<\/div>\n\t\t\t\t<div class=\"elementor-element elementor-element-6d5f49a elementor-widget elementor-widget-image\" data-id=\"6d5f49a\" data-element_type=\"widget\" data-widget_type=\"image.default\">\n\t\t\t\t<div class=\"elementor-widget-container\">\n\t\t\t\t\t\t\t\t\t\t\t\t\t\t\t<img fetchpriority=\"high\" decoding=\"async\" width=\"1024\" height=\"682\" src=\"https:\/\/vtwingarage.fi\/wp-content\/uploads\/2025\/05\/motorcycle-7081404_1280-1024x682.jpg\" class=\"attachment-large size-large wp-image-81194\" alt=\"\" srcset=\"https:\/\/vtwingarage.fi\/wp-content\/uploads\/2025\/05\/motorcycle-7081404_1280-1024x682.jpg 1024w, https:\/\/vtwingarage.fi\/wp-content\/uploads\/2025\/05\/motorcycle-7081404_1280-300x200.jpg 300w, https:\/\/vtwingarage.fi\/wp-content\/uploads\/2025\/05\/motorcycle-7081404_1280-768x512.jpg 768w, https:\/\/vtwingarage.fi\/wp-content\/uploads\/2025\/05\/motorcycle-7081404_1280-600x400.jpg 600w, https:\/\/vtwingarage.fi\/wp-content\/uploads\/2025\/05\/motorcycle-7081404_1280.jpg 1280w\" sizes=\"(max-width: 1024px) 100vw, 1024px\" \/>\t\t\t\t\t\t\t\t\t\t\t\t\t\t\t<\/div>\n\t\t\t\t<\/div>\n\t\t\t\t\t<\/div>\n\t\t\t\t<\/div>\n\t\t\t\t<\/div>","protected":false},"excerpt":{"rendered":"<p>MP merkkien huolto Suoritamme eri merkkisten moottoripy\u00f6rien huollot valmistajan m\u00e4\u00e4r\u00e4ysten ja suositusten mukaisesti.Palveluihimme kuuluvat niin tavalliset katumoottoripy\u00f6r\u00e4t kuin my\u00f6s cruiserit, touring-py\u00f6r\u00e4t, customit sek\u00e4 crossipy\u00f6r\u00e4t.<\/p>","protected":false},"author":3,"featured_media":0,"parent":0,"menu_order":0,"comment_status":"closed","ping_status":"closed","template":"elementor_header_footer","meta":{"footnotes":""},"class_list":["post-80346","page","type-page","status-publish","hentry","entry","owp-thumbs-layout-horizontal","owp-btn-normal","owp-tabs-layout-horizontal","has-no-thumbnails","has-product-nav"],"_links":{"self":[{"href":"https:\/\/vtwingarage.fi\/en\/wp-json\/wp\/v2\/pages\/80346","targetHints":{"allow":["GET"]}}],"collection":[{"href":"https:\/\/vtwingarage.fi\/en\/wp-json\/wp\/v2\/pages"}],"about":[{"href":"https:\/\/vtwingarage.fi\/en\/wp-json\/wp\/v2\/types\/page"}],"author":[{"embeddable":true,"href":"https:\/\/vtwingarage.fi\/en\/wp-json\/wp\/v2\/users\/3"}],"replies":[{"embeddable":true,"href":"https:\/\/vtwingarage.fi\/en\/wp-json\/wp\/v2\/comments?post=80346"}],"version-history":[{"count":107,"href":"https:\/\/vtwingarage.fi\/en\/wp-json\/wp\/v2\/pages\/80346\/revisions"}],"predecessor-version":[{"id":145583,"href":"https:\/\/vtwingarage.fi\/en\/wp-json\/wp\/v2\/pages\/80346\/revisions\/145583"}],"wp:attachment":[{"href":"https:\/\/vtwingarage.fi\/en\/wp-json\/wp\/v2\/media?parent=80346"}],"curies":[{"name":"wp","href":"https:\/\/api.w.org\/{rel}","templated":true}]}}