{"id":7,"date":"2025-01-21T13:13:53","date_gmt":"2025-01-21T13:13:53","guid":{"rendered":"https:\/\/vtwingarage.fi\/?page_id=7"},"modified":"2025-05-30T14:14:14","modified_gmt":"2025-05-30T14:14:14","slug":"meidan-tarina","status":"publish","type":"page","link":"https:\/\/vtwingarage.fi\/en\/meidan-tarina\/","title":{"rendered":"About US"},"content":{"rendered":"<div data-elementor-type=\"wp-page\" data-elementor-id=\"7\" class=\"elementor elementor-7\" data-elementor-post-type=\"page\">\n\t\t\t\t<div class=\"elementor-element elementor-element-1d413a6 e-con-full e-flex e-con e-parent\" data-id=\"1d413a6\" data-element_type=\"container\">\n\t\t\t\t<div class=\"elementor-element elementor-element-c7761e2 elementor-widget__width-initial elementor-widget elementor-widget-heading\" data-id=\"c7761e2\" data-element_type=\"widget\" data-widget_type=\"heading.default\">\n\t\t\t\t<div class=\"elementor-widget-container\">\n\t\t\t\t\t<h3 class=\"elementor-heading-title elementor-size-default\">About US<\/h3>\t\t\t\t<\/div>\n\t\t\t\t<\/div>\n\t\t\t\t<\/div>\n\t\t<div class=\"elementor-element elementor-element-a0a2568 e-con-full e-flex e-con e-parent\" data-id=\"a0a2568\" data-element_type=\"container\">\n\t\t<div class=\"elementor-element elementor-element-d8b8bdc e-con-full e-flex e-con e-child\" data-id=\"d8b8bdc\" data-element_type=\"container\">\n\t\t\t\t<div class=\"elementor-element elementor-element-20b7bdd elementor-widget__width-initial elementor-widget elementor-widget-text-editor\" data-id=\"20b7bdd\" data-element_type=\"widget\" data-widget_type=\"text-editor.default\">\n\t\t\t\t<div class=\"elementor-widget-container\">\n\t\t\t\t\t\t\t\t\t<p class=\"translation-block\">Motorcycles have always been our passion. After getting our first Harley, our love story with Harleys began. We have grown from a small garage into a company that offers a diverse and extensive range of services, from maintenance to repairs. Even though Harley-Davidson is our true love, we also work on and have ridden motorcycles of all other brands. Over the past ten years, dirt bikes and mopeds have also become a part of our lives. We ride motocross at a competitive level and pursue it with great passion.<\/p><p class=\"translation-block\">We can offer our customers all the necessary maintenance services, and in addition, we are able to carry out complete engine and gearbox overhauls. When needed, we repair crankshafts, bore cylinders, and perform all necessary cylinder head work.\nOur workshop is equipped with a braked dyno and factory software, which allows us to check the bike\u2019s settings, program new keys, and more during repairs and maintenance. Through us, you can order all original spare parts, or if you prefer, high-quality aftermarket parts. With our extensive experience, we are always ready to offer the best solutions for repairing and upgrading your Harley.<\/p>\t\t\t\t\t\t\t\t<\/div>\n\t\t\t\t<\/div>\n\t\t\t\t<\/div>\n\t\t<div class=\"elementor-element elementor-element-8ad05be e-con-full e-flex e-con e-child\" data-id=\"8ad05be\" data-element_type=\"container\">\n\t\t\t\t<div class=\"elementor-element elementor-element-7eec4a5 elementor-widget elementor-widget-image\" data-id=\"7eec4a5\" data-element_type=\"widget\" data-widget_type=\"image.default\">\n\t\t\t\t<div class=\"elementor-widget-container\">\n\t\t\t\t\t\t\t\t\t\t\t\t\t\t\t<img fetchpriority=\"high\" decoding=\"async\" width=\"1024\" height=\"683\" src=\"https:\/\/vtwingarage.fi\/wp-content\/uploads\/2025\/05\/Nimega-5-1024x683.jpg\" class=\"attachment-large size-large wp-image-80927\" alt=\"\" srcset=\"https:\/\/vtwingarage.fi\/wp-content\/uploads\/2025\/05\/Nimega-5-1024x683.jpg 1024w, https:\/\/vtwingarage.fi\/wp-content\/uploads\/2025\/05\/Nimega-5-300x200.jpg 300w, https:\/\/vtwingarage.fi\/wp-content\/uploads\/2025\/05\/Nimega-5-768x512.jpg 768w, https:\/\/vtwingarage.fi\/wp-content\/uploads\/2025\/05\/Nimega-5-1536x1024.jpg 1536w, https:\/\/vtwingarage.fi\/wp-content\/uploads\/2025\/05\/Nimega-5-600x400.jpg 600w, https:\/\/vtwingarage.fi\/wp-content\/uploads\/2025\/05\/Nimega-5.jpg 1920w\" sizes=\"(max-width: 1024px) 100vw, 1024px\" \/>\t\t\t\t\t\t\t\t\t\t\t\t\t\t\t<\/div>\n\t\t\t\t<\/div>\n\t\t\t\t<\/div>\n\t\t\t\t<\/div>\n\t\t\t\t<\/div>","protected":false},"excerpt":{"rendered":"<p>Meid\u00e4n tarina Moottoripy\u00f6r\u00e4t on aina ollut meid\u00e4n intohimo. Ensimm\u00e4isen Harrikan j\u00e4lkeen alkoi meid\u00e4n rakkaustarina harrikan kanssa. Olemme kasvaneet pienest\u00e4 autotallista yritykseen, joka tarjoa monipuolista ja laaja valikoima palveluja huolloista korjauksiin. Vaikka Harrikka on meid\u00e4n rakkaus niin me teemme ja olemme my\u00f6s ajaneet kaikkien muiden merkkien py\u00f6ri\u00e4.Viimeisten kymmen vuoden aikana el\u00e4m\u00e4\u00e4n on tullut my\u00f6s crossipy\u00f6r\u00e4t ja [&hellip;]<\/p>","protected":false},"author":2,"featured_media":0,"parent":0,"menu_order":0,"comment_status":"closed","ping_status":"closed","template":"elementor_header_footer","meta":{"footnotes":""},"class_list":["post-7","page","type-page","status-publish","hentry","entry","owp-thumbs-layout-horizontal","owp-btn-normal","owp-tabs-layout-horizontal","has-no-thumbnails","has-product-nav"],"_links":{"self":[{"href":"https:\/\/vtwingarage.fi\/en\/wp-json\/wp\/v2\/pages\/7","targetHints":{"allow":["GET"]}}],"collection":[{"href":"https:\/\/vtwingarage.fi\/en\/wp-json\/wp\/v2\/pages"}],"about":[{"href":"https:\/\/vtwingarage.fi\/en\/wp-json\/wp\/v2\/types\/page"}],"author":[{"embeddable":true,"href":"https:\/\/vtwingarage.fi\/en\/wp-json\/wp\/v2\/users\/2"}],"replies":[{"embeddable":true,"href":"https:\/\/vtwingarage.fi\/en\/wp-json\/wp\/v2\/comments?post=7"}],"version-history":[{"count":296,"href":"https:\/\/vtwingarage.fi\/en\/wp-json\/wp\/v2\/pages\/7\/revisions"}],"predecessor-version":[{"id":145381,"href":"https:\/\/vtwingarage.fi\/en\/wp-json\/wp\/v2\/pages\/7\/revisions\/145381"}],"wp:attachment":[{"href":"https:\/\/vtwingarage.fi\/en\/wp-json\/wp\/v2\/media?parent=7"}],"curies":[{"name":"wp","href":"https:\/\/api.w.org\/{rel}","templated":true}]}}