{"id":665,"date":"2025-03-20T14:17:25","date_gmt":"2025-03-20T14:17:25","guid":{"rendered":"https:\/\/vtwingarage.fi\/?page_id=665"},"modified":"2025-05-30T14:13:19","modified_gmt":"2025-05-30T14:13:19","slug":"katalogit","status":"publish","type":"page","link":"https:\/\/vtwingarage.fi\/en\/katalogit\/","title":{"rendered":"Catalogies"},"content":{"rendered":"<div data-elementor-type=\"wp-page\" data-elementor-id=\"665\" class=\"elementor elementor-665\" data-elementor-post-type=\"page\">\n\t\t\t\t<div class=\"elementor-element elementor-element-9b35a11 e-con-full e-flex e-con e-parent\" data-id=\"9b35a11\" data-element_type=\"container\">\n\t\t\t\t<div class=\"elementor-element elementor-element-fea88b9 elementor-widget elementor-widget-heading\" data-id=\"fea88b9\" data-element_type=\"widget\" data-widget_type=\"heading.default\">\n\t\t\t\t<div class=\"elementor-widget-container\">\n\t\t\t\t\t<h1 class=\"elementor-heading-title elementor-size-default\">Catalogies<\/h1>\t\t\t\t<\/div>\n\t\t\t\t<\/div>\n\t\t\t\t<div class=\"elementor-element elementor-element-406e3e6 elementor-widget__width-initial elementor-widget-mobile__width-inherit elementor-widget elementor-widget-text-editor\" data-id=\"406e3e6\" data-element_type=\"widget\" data-widget_type=\"text-editor.default\">\n\t\t\t\t<div class=\"elementor-widget-container\">\n\t\t\t\t\t\t\t\t\t<p>All spare parts and accessories found in the catalogs can be ordered through our online store. Please contact us if the part you need is not in our online store but is in the catalog.<\/p>\t\t\t\t\t\t\t\t<\/div>\n\t\t\t\t<\/div>\n\t\t\t\t<\/div>\n\t\t<div class=\"elementor-element elementor-element-cfb15d7 e-con-full e-flex e-con e-parent\" data-id=\"cfb15d7\" data-element_type=\"container\">\n\t\t<div class=\"elementor-element elementor-element-42fbf2e e-con-full e-flex e-con e-child\" data-id=\"42fbf2e\" data-element_type=\"container\">\n\t\t<div class=\"elementor-element elementor-element-bc14973 e-con-full e-flex e-con e-child\" data-id=\"bc14973\" data-element_type=\"container\">\n\t\t\t\t<div class=\"elementor-element elementor-element-f043ee1 elementor-widget elementor-widget-image\" data-id=\"f043ee1\" data-element_type=\"widget\" data-widget_type=\"image.default\">\n\t\t\t\t<div class=\"elementor-widget-container\">\n\t\t\t\t\t\t\t\t\t\t\t\t\t\t\t\t<a href=\"https:\/\/www.motorcyclestorehouse.com\/catalogs\" target=\"_blank\">\n\t\t\t\t\t\t\t<img fetchpriority=\"high\" decoding=\"async\" width=\"1920\" height=\"1280\" src=\"https:\/\/vtwingarage.fi\/wp-content\/uploads\/2025\/05\/Nimega-31.jpg\" class=\"attachment-full size-full wp-image-81576\" alt=\"\" srcset=\"https:\/\/vtwingarage.fi\/wp-content\/uploads\/2025\/05\/Nimega-31.jpg 1920w, https:\/\/vtwingarage.fi\/wp-content\/uploads\/2025\/05\/Nimega-31-300x200.jpg 300w, https:\/\/vtwingarage.fi\/wp-content\/uploads\/2025\/05\/Nimega-31-1024x683.jpg 1024w, https:\/\/vtwingarage.fi\/wp-content\/uploads\/2025\/05\/Nimega-31-768x512.jpg 768w, https:\/\/vtwingarage.fi\/wp-content\/uploads\/2025\/05\/Nimega-31-1536x1024.jpg 1536w, https:\/\/vtwingarage.fi\/wp-content\/uploads\/2025\/05\/Nimega-31-600x400.jpg 600w\" sizes=\"(max-width: 1920px) 100vw, 1920px\" \/>\t\t\t\t\t\t\t\t<\/a>\n\t\t\t\t\t\t\t\t\t\t\t\t\t\t\t<\/div>\n\t\t\t\t<\/div>\n\t\t\t\t<\/div>\n\t\t<div class=\"elementor-element elementor-element-c285261 e-con-full e-flex e-con e-child\" data-id=\"c285261\" data-element_type=\"container\">\n\t\t\t\t<div class=\"elementor-element elementor-element-2c7701a elementor-widget elementor-widget-image\" data-id=\"2c7701a\" data-element_type=\"widget\" data-widget_type=\"image.default\">\n\t\t\t\t<div class=\"elementor-widget-container\">\n\t\t\t\t\t\t\t\t\t\t\t\t\t\t\t\t<a href=\"https:\/\/catalog.zodiac.nl\/\" target=\"_blank\">\n\t\t\t\t\t\t\t<img decoding=\"async\" width=\"1920\" height=\"1280\" src=\"https:\/\/vtwingarage.fi\/wp-content\/uploads\/2025\/05\/Nimega-30.jpg\" class=\"attachment-full size-full wp-image-81573\" alt=\"\" srcset=\"https:\/\/vtwingarage.fi\/wp-content\/uploads\/2025\/05\/Nimega-30.jpg 1920w, https:\/\/vtwingarage.fi\/wp-content\/uploads\/2025\/05\/Nimega-30-300x200.jpg 300w, https:\/\/vtwingarage.fi\/wp-content\/uploads\/2025\/05\/Nimega-30-1024x683.jpg 1024w, https:\/\/vtwingarage.fi\/wp-content\/uploads\/2025\/05\/Nimega-30-768x512.jpg 768w, https:\/\/vtwingarage.fi\/wp-content\/uploads\/2025\/05\/Nimega-30-1536x1024.jpg 1536w, https:\/\/vtwingarage.fi\/wp-content\/uploads\/2025\/05\/Nimega-30-600x400.jpg 600w\" sizes=\"(max-width: 1920px) 100vw, 1920px\" \/>\t\t\t\t\t\t\t\t<\/a>\n\t\t\t\t\t\t\t\t\t\t\t\t\t\t\t<\/div>\n\t\t\t\t<\/div>\n\t\t\t\t<\/div>\n\t\t<div class=\"elementor-element elementor-element-4f36f39 e-con-full e-flex e-con e-child\" data-id=\"4f36f39\" data-element_type=\"container\">\n\t\t\t\t<div class=\"elementor-element elementor-element-93d16ce elementor-widget elementor-widget-image\" data-id=\"93d16ce\" data-element_type=\"widget\" data-widget_type=\"image.default\">\n\t\t\t\t<div class=\"elementor-widget-container\">\n\t\t\t\t\t\t\t\t\t\t\t\t\t\t\t\t<a href=\"https:\/\/onlinecatalog.custom-chrome-europe.com\/%20\" target=\"_blank\">\n\t\t\t\t\t\t\t<img decoding=\"async\" width=\"1920\" height=\"1280\" src=\"https:\/\/vtwingarage.fi\/wp-content\/uploads\/2025\/05\/Nimega-2.png\" class=\"attachment-full size-full wp-image-81575\" alt=\"\" srcset=\"https:\/\/vtwingarage.fi\/wp-content\/uploads\/2025\/05\/Nimega-2.png 1920w, https:\/\/vtwingarage.fi\/wp-content\/uploads\/2025\/05\/Nimega-2-300x200.png 300w, https:\/\/vtwingarage.fi\/wp-content\/uploads\/2025\/05\/Nimega-2-1024x683.png 1024w, https:\/\/vtwingarage.fi\/wp-content\/uploads\/2025\/05\/Nimega-2-768x512.png 768w, https:\/\/vtwingarage.fi\/wp-content\/uploads\/2025\/05\/Nimega-2-1536x1024.png 1536w, https:\/\/vtwingarage.fi\/wp-content\/uploads\/2025\/05\/Nimega-2-600x400.png 600w\" sizes=\"(max-width: 1920px) 100vw, 1920px\" \/>\t\t\t\t\t\t\t\t<\/a>\n\t\t\t\t\t\t\t\t\t\t\t\t\t\t\t<\/div>\n\t\t\t\t<\/div>\n\t\t\t\t<\/div>\n\t\t<div class=\"elementor-element elementor-element-a7c691a e-con-full e-flex e-con e-child\" data-id=\"a7c691a\" data-element_type=\"container\">\n\t\t\t\t<div class=\"elementor-element elementor-element-97ea45a elementor-widget elementor-widget-image\" data-id=\"97ea45a\" data-element_type=\"widget\" data-widget_type=\"image.default\">\n\t\t\t\t<div class=\"elementor-widget-container\">\n\t\t\t\t\t\t\t\t\t\t\t\t\t\t\t\t<a href=\"https:\/\/www.wwag.com\/en\/shop\" target=\"_blank\">\n\t\t\t\t\t\t\t<img loading=\"lazy\" decoding=\"async\" width=\"1920\" height=\"1280\" src=\"https:\/\/vtwingarage.fi\/wp-content\/uploads\/2025\/05\/Nimega-29.jpg\" class=\"attachment-full size-full wp-image-81574\" alt=\"\" srcset=\"https:\/\/vtwingarage.fi\/wp-content\/uploads\/2025\/05\/Nimega-29.jpg 1920w, https:\/\/vtwingarage.fi\/wp-content\/uploads\/2025\/05\/Nimega-29-300x200.jpg 300w, https:\/\/vtwingarage.fi\/wp-content\/uploads\/2025\/05\/Nimega-29-1024x683.jpg 1024w, https:\/\/vtwingarage.fi\/wp-content\/uploads\/2025\/05\/Nimega-29-768x512.jpg 768w, https:\/\/vtwingarage.fi\/wp-content\/uploads\/2025\/05\/Nimega-29-1536x1024.jpg 1536w, https:\/\/vtwingarage.fi\/wp-content\/uploads\/2025\/05\/Nimega-29-600x400.jpg 600w\" sizes=\"(max-width: 1920px) 100vw, 1920px\" \/>\t\t\t\t\t\t\t\t<\/a>\n\t\t\t\t\t\t\t\t\t\t\t\t\t\t\t<\/div>\n\t\t\t\t<\/div>\n\t\t\t\t<\/div>\n\t\t<div class=\"elementor-element elementor-element-6d52bd3 e-con-full e-flex e-con e-child\" data-id=\"6d52bd3\" data-element_type=\"container\">\n\t\t\t\t<div class=\"elementor-element elementor-element-6ad2de8 elementor-widget elementor-widget-image\" data-id=\"6ad2de8\" data-element_type=\"widget\" data-widget_type=\"image.default\">\n\t\t\t\t<div class=\"elementor-widget-container\">\n\t\t\t\t\t\t\t\t\t\t\t\t\t\t\t\t<a href=\"https:\/\/www.partseurope.eu\/en\/page\/catalogs\" target=\"_blank\">\n\t\t\t\t\t\t\t<img loading=\"lazy\" decoding=\"async\" width=\"1920\" height=\"1280\" src=\"https:\/\/vtwingarage.fi\/wp-content\/uploads\/2025\/05\/Nimega-1.png\" class=\"attachment-full size-full wp-image-81572\" alt=\"\" srcset=\"https:\/\/vtwingarage.fi\/wp-content\/uploads\/2025\/05\/Nimega-1.png 1920w, https:\/\/vtwingarage.fi\/wp-content\/uploads\/2025\/05\/Nimega-1-300x200.png 300w, https:\/\/vtwingarage.fi\/wp-content\/uploads\/2025\/05\/Nimega-1-1024x683.png 1024w, https:\/\/vtwingarage.fi\/wp-content\/uploads\/2025\/05\/Nimega-1-768x512.png 768w, https:\/\/vtwingarage.fi\/wp-content\/uploads\/2025\/05\/Nimega-1-1536x1024.png 1536w, https:\/\/vtwingarage.fi\/wp-content\/uploads\/2025\/05\/Nimega-1-600x400.png 600w\" sizes=\"(max-width: 1920px) 100vw, 1920px\" \/>\t\t\t\t\t\t\t\t<\/a>\n\t\t\t\t\t\t\t\t\t\t\t\t\t\t\t<\/div>\n\t\t\t\t<\/div>\n\t\t\t\t<\/div>\n\t\t\t\t<\/div>\n\t\t\t\t<\/div>\n\t\t\t\t<\/div>","protected":false},"excerpt":{"rendered":"<p>Katalogit Kaikki katalogeista l\u00f6ytyv\u00e4t varaosat ja tarvikkeet ovat tilattavissa meid\u00e4n verkkokaupan kautta. Ota yhteytt\u00e4 meihin jos tarvitsemaasi osaa ei l\u00f6ydy verkkokaupastamme mutta l\u00f6ytyy katalogista.<\/p>","protected":false},"author":2,"featured_media":0,"parent":0,"menu_order":0,"comment_status":"closed","ping_status":"closed","template":"elementor_header_footer","meta":{"footnotes":""},"class_list":["post-665","page","type-page","status-publish","hentry","entry","owp-thumbs-layout-horizontal","owp-btn-normal","owp-tabs-layout-horizontal","has-no-thumbnails","has-product-nav"],"_links":{"self":[{"href":"https:\/\/vtwingarage.fi\/en\/wp-json\/wp\/v2\/pages\/665","targetHints":{"allow":["GET"]}}],"collection":[{"href":"https:\/\/vtwingarage.fi\/en\/wp-json\/wp\/v2\/pages"}],"about":[{"href":"https:\/\/vtwingarage.fi\/en\/wp-json\/wp\/v2\/types\/page"}],"author":[{"embeddable":true,"href":"https:\/\/vtwingarage.fi\/en\/wp-json\/wp\/v2\/users\/2"}],"replies":[{"embeddable":true,"href":"https:\/\/vtwingarage.fi\/en\/wp-json\/wp\/v2\/comments?post=665"}],"version-history":[{"count":78,"href":"https:\/\/vtwingarage.fi\/en\/wp-json\/wp\/v2\/pages\/665\/revisions"}],"predecessor-version":[{"id":145307,"href":"https:\/\/vtwingarage.fi\/en\/wp-json\/wp\/v2\/pages\/665\/revisions\/145307"}],"wp:attachment":[{"href":"https:\/\/vtwingarage.fi\/en\/wp-json\/wp\/v2\/media?parent=665"}],"curies":[{"name":"wp","href":"https:\/\/api.w.org\/{rel}","templated":true}]}}