{"id":643,"date":"2025-03-20T14:04:18","date_gmt":"2025-03-20T14:04:18","guid":{"rendered":"https:\/\/vtwingarage.fi\/?page_id=643"},"modified":"2025-05-30T14:18:32","modified_gmt":"2025-05-30T14:18:32","slug":"tarkastukset-ja-saadot","status":"publish","type":"page","link":"https:\/\/vtwingarage.fi\/en\/tarkastukset-ja-saadot\/","title":{"rendered":"Inspections and adjustments"},"content":{"rendered":"<div data-elementor-type=\"wp-page\" data-elementor-id=\"643\" class=\"elementor elementor-643\" data-elementor-post-type=\"page\">\n\t\t\t\t<div class=\"elementor-element elementor-element-01b4330 e-flex e-con-boxed e-con e-parent\" data-id=\"01b4330\" data-element_type=\"container\">\n\t\t\t\t\t<div class=\"e-con-inner\">\n\t\t\t\t<div class=\"elementor-element elementor-element-5284888 elementor-widget elementor-widget-heading\" data-id=\"5284888\" data-element_type=\"widget\" data-widget_type=\"heading.default\">\n\t\t\t\t<div class=\"elementor-widget-container\">\n\t\t\t\t\t<h1 class=\"elementor-heading-title elementor-size-default\">Inspections and adjustments<\/h1>\t\t\t\t<\/div>\n\t\t\t\t<\/div>\n\t\t\t\t\t<\/div>\n\t\t\t\t<\/div>\n\t\t<div class=\"elementor-element elementor-element-d1b1f12 e-flex e-con-boxed e-con e-parent\" data-id=\"d1b1f12\" data-element_type=\"container\">\n\t\t\t\t\t<div class=\"e-con-inner\">\n\t\t\t\t<div class=\"elementor-element elementor-element-2978fac elementor-mobile-align-center elementor-widget__width-initial elementor-widget elementor-widget-button\" data-id=\"2978fac\" data-element_type=\"widget\" data-widget_type=\"button.default\">\n\t\t\t\t<div class=\"elementor-widget-container\">\n\t\t\t\t\t\t\t\t\t<div class=\"elementor-button-wrapper\">\n\t\t\t\t\t<a class=\"elementor-button elementor-button-link elementor-size-sm\" href=\"https:\/\/vtwingarage.fi\/en\/oljyt-ja-voitelut\/\">\n\t\t\t\t\t\t<span class=\"elementor-button-content-wrapper\">\n\t\t\t\t\t\t<span class=\"elementor-button-icon\">\n\t\t\t\t<svg xmlns=\"http:\/\/www.w3.org\/2000\/svg\" id=\"e7693ca5-bf76-42df-999c-dbc3066cda9e\" data-name=\"Layer 1\" width=\"21.3525\" height=\"10.7197\" viewbox=\"0 0 21.3525 10.7197\"><polygon points=\"21 5.229 21.343 4.865 16.165 0 15.479 0.729 19.737 4.729 0 4.729 0 5.729 19.786 5.729 15.47 10.009 16.175 10.72 21.353 5.584 21 5.229\"><\/polygon><\/svg>\t\t\t<\/span>\n\t\t\t\t\t\t\t\t\t<span class=\"elementor-button-text\">Oils and lubricants<\/span>\n\t\t\t\t\t<\/span>\n\t\t\t\t\t<\/a>\n\t\t\t\t<\/div>\n\t\t\t\t\t\t\t\t<\/div>\n\t\t\t\t<\/div>\n\t\t\t\t\t<\/div>\n\t\t\t\t<\/div>\n\t\t<div class=\"elementor-element elementor-element-5d8d3f0 e-flex e-con-boxed e-con e-parent\" data-id=\"5d8d3f0\" data-element_type=\"container\">\n\t\t\t\t\t<div class=\"e-con-inner\">\n\t\t<div class=\"elementor-element elementor-element-841f48d e-con-full e-flex e-con e-child\" data-id=\"841f48d\" data-element_type=\"container\">\n\t\t\t\t<div class=\"elementor-element elementor-element-ae5eb01 elementor-widget__width-initial elementor-widget elementor-widget-text-editor\" data-id=\"ae5eb01\" data-element_type=\"widget\" data-widget_type=\"text-editor.default\">\n\t\t\t\t<div class=\"elementor-widget-container\">\n\t\t\t\t\t\t\t\t\t<p><b>\u2022 Check and service the air filter if necessary.<\/b><b><br \/><\/b><b>\u2022 Check oil and brake lines for leaks and problems.<\/b><b><br \/><\/b><b>\u2022 Checking the fuel tap, hoses and connections.<\/b><b><br \/><\/b><b>\u2022 Check brake pads and discs for wear.<\/b><b><br \/><\/b><b>\u2022 Clutch inspection and adjustment.<\/b><b><br \/><\/b><b>\u2022 Ension chain inspection and adjustment.<\/b><b><br \/><\/b><b>\u2022 Checking and adjusting the drive belt.<\/b><b><br \/><\/b><b>\u2022 Checking tire pressures and tread.<\/b><b><br \/><\/b><b>\u2022 Checking the fluid level and condition of the brake fluid reservoirs.<\/b><b><br \/><\/b><b>\u2022 Inspection of wheel spokes.<\/b><b><br \/><\/b><b>\u2022 Battery inspection and connection cleaning.<\/b><b><br \/><\/b><b>\u2022 Engine idle check.<\/b><b><br \/><\/b><b>\u2022 Checking the ignition timing and vacuum hose.<\/b><b><br \/><\/b><b>\u2022 Inspection of all critical fasteners (except cylinder head bolts).<\/b><b><br \/><\/b><b>\u2022 Check the operation of all electrical devices and switches.<\/b><\/p>\t\t\t\t\t\t\t\t<\/div>\n\t\t\t\t<\/div>\n\t\t\t\t<\/div>\n\t\t\t\t<div class=\"elementor-element elementor-element-703f036 elementor-widget elementor-widget-image\" data-id=\"703f036\" data-element_type=\"widget\" data-widget_type=\"image.default\">\n\t\t\t\t<div class=\"elementor-widget-container\">\n\t\t\t\t\t\t\t\t\t\t\t\t\t\t\t<img fetchpriority=\"high\" decoding=\"async\" width=\"768\" height=\"512\" src=\"https:\/\/vtwingarage.fi\/wp-content\/uploads\/2025\/05\/Nimega-25-768x512.jpg\" class=\"attachment-medium_large size-medium_large wp-image-81316\" alt=\"\" srcset=\"https:\/\/vtwingarage.fi\/wp-content\/uploads\/2025\/05\/Nimega-25-768x512.jpg 768w, https:\/\/vtwingarage.fi\/wp-content\/uploads\/2025\/05\/Nimega-25-300x200.jpg 300w, https:\/\/vtwingarage.fi\/wp-content\/uploads\/2025\/05\/Nimega-25-1024x683.jpg 1024w, https:\/\/vtwingarage.fi\/wp-content\/uploads\/2025\/05\/Nimega-25-1536x1024.jpg 1536w, https:\/\/vtwingarage.fi\/wp-content\/uploads\/2025\/05\/Nimega-25-600x400.jpg 600w, https:\/\/vtwingarage.fi\/wp-content\/uploads\/2025\/05\/Nimega-25.jpg 1920w\" sizes=\"(max-width: 768px) 100vw, 768px\" \/>\t\t\t\t\t\t\t\t\t\t\t\t\t\t\t<\/div>\n\t\t\t\t<\/div>\n\t\t\t\t\t<\/div>\n\t\t\t\t<\/div>\n\t\t\t\t<\/div>","protected":false},"excerpt":{"rendered":"<p>Tarkastukset ja s\u00e4\u00e4d\u00f6t \u00d6ljyt ja voitelut \u2022 Ilmansuodattimen tarkastus ja huolto tarvittaessa.\u2022 \u00d6ljy- ja jarrulinjojen tarkastus vuotojen ja ongelmien varalta.\u2022 Polttoainehanan, letkujen ja liitosten tarkastus.\u2022 Jarrupalojen ja -levyjen tarkastus kulumisen varalta.\u2022 Kytkimen tarkastus ja s\u00e4\u00e4t\u00f6.\u2022 Ension ketjun tarkastus ja s\u00e4\u00e4t\u00f6.\u2022 Vetohihnan tarkastus ja s\u00e4\u00e4t\u00f6.\u2022 Rengaspaineiden ja kulutuspinnan tarkastus.\u2022 Jarrunestes\u00e4ili\u00f6iden nestetason ja nesteen kunnon tarkastus.\u2022 Py\u00f6rien [&hellip;]<\/p>","protected":false},"author":2,"featured_media":0,"parent":0,"menu_order":0,"comment_status":"closed","ping_status":"closed","template":"elementor_header_footer","meta":{"footnotes":""},"class_list":["post-643","page","type-page","status-publish","hentry","entry","owp-thumbs-layout-horizontal","owp-btn-normal","owp-tabs-layout-horizontal","has-no-thumbnails","has-product-nav"],"_links":{"self":[{"href":"https:\/\/vtwingarage.fi\/en\/wp-json\/wp\/v2\/pages\/643","targetHints":{"allow":["GET"]}}],"collection":[{"href":"https:\/\/vtwingarage.fi\/en\/wp-json\/wp\/v2\/pages"}],"about":[{"href":"https:\/\/vtwingarage.fi\/en\/wp-json\/wp\/v2\/types\/page"}],"author":[{"embeddable":true,"href":"https:\/\/vtwingarage.fi\/en\/wp-json\/wp\/v2\/users\/2"}],"replies":[{"embeddable":true,"href":"https:\/\/vtwingarage.fi\/en\/wp-json\/wp\/v2\/comments?post=643"}],"version-history":[{"count":115,"href":"https:\/\/vtwingarage.fi\/en\/wp-json\/wp\/v2\/pages\/643\/revisions"}],"predecessor-version":[{"id":145892,"href":"https:\/\/vtwingarage.fi\/en\/wp-json\/wp\/v2\/pages\/643\/revisions\/145892"}],"wp:attachment":[{"href":"https:\/\/vtwingarage.fi\/en\/wp-json\/wp\/v2\/media?parent=643"}],"curies":[{"name":"wp","href":"https:\/\/api.w.org\/{rel}","templated":true}]}}