{"id":621,"date":"2025-03-20T13:28:55","date_gmt":"2025-03-20T13:28:55","guid":{"rendered":"https:\/\/vtwingarage.fi\/?page_id=621"},"modified":"2025-05-30T14:17:15","modified_gmt":"2025-05-30T14:17:15","slug":"oljyt-ja-voitelut","status":"publish","type":"page","link":"https:\/\/vtwingarage.fi\/en\/oljyt-ja-voitelut\/","title":{"rendered":"Oils and lubricants"},"content":{"rendered":"<div data-elementor-type=\"wp-page\" data-elementor-id=\"621\" class=\"elementor elementor-621\" data-elementor-post-type=\"page\">\n\t\t\t\t<div class=\"elementor-element elementor-element-374b83f e-flex e-con-boxed e-con e-parent\" data-id=\"374b83f\" data-element_type=\"container\">\n\t\t\t\t\t<div class=\"e-con-inner\">\n\t\t\t\t<div class=\"elementor-element elementor-element-a37c9b1 elementor-widget elementor-widget-heading\" data-id=\"a37c9b1\" data-element_type=\"widget\" data-widget_type=\"heading.default\">\n\t\t\t\t<div class=\"elementor-widget-container\">\n\t\t\t\t\t<h1 class=\"elementor-heading-title elementor-size-default\">Oils and lubricants<\/h1>\t\t\t\t<\/div>\n\t\t\t\t<\/div>\n\t\t\t\t<div class=\"elementor-element elementor-element-cdd8139 elementor-mobile-align-center elementor-widget__width-initial elementor-widget elementor-widget-button\" data-id=\"cdd8139\" data-element_type=\"widget\" data-widget_type=\"button.default\">\n\t\t\t\t<div class=\"elementor-widget-container\">\n\t\t\t\t\t\t\t\t\t<div class=\"elementor-button-wrapper\">\n\t\t\t\t\t<a class=\"elementor-button elementor-button-link elementor-size-sm\" href=\"https:\/\/vtwingarage.fi\/en\/tarkastukset-ja-saadot\/\">\n\t\t\t\t\t\t<span class=\"elementor-button-content-wrapper\">\n\t\t\t\t\t\t<span class=\"elementor-button-icon\">\n\t\t\t\t<svg xmlns=\"http:\/\/www.w3.org\/2000\/svg\" id=\"e7693ca5-bf76-42df-999c-dbc3066cda9e\" data-name=\"Layer 1\" width=\"21.3525\" height=\"10.7197\" viewbox=\"0 0 21.3525 10.7197\"><polygon points=\"21 5.229 21.343 4.865 16.165 0 15.479 0.729 19.737 4.729 0 4.729 0 5.729 19.786 5.729 15.47 10.009 16.175 10.72 21.353 5.584 21 5.229\"><\/polygon><\/svg>\t\t\t<\/span>\n\t\t\t\t\t\t\t\t\t<span class=\"elementor-button-text\">Inspections and adjustments<\/span>\n\t\t\t\t\t<\/span>\n\t\t\t\t\t<\/a>\n\t\t\t\t<\/div>\n\t\t\t\t\t\t\t\t<\/div>\n\t\t\t\t<\/div>\n\t\t\t\t\t<\/div>\n\t\t\t\t<\/div>\n\t\t<div class=\"elementor-element elementor-element-2a6b7ed e-flex e-con-boxed e-con e-parent\" data-id=\"2a6b7ed\" data-element_type=\"container\">\n\t\t\t\t\t<div class=\"e-con-inner\">\n\t\t\t\t<div class=\"elementor-element elementor-element-2796692 elementor-widget__width-initial elementor-widget elementor-widget-text-editor\" data-id=\"2796692\" data-element_type=\"widget\" data-widget_type=\"text-editor.default\">\n\t\t\t\t<div class=\"elementor-widget-container\">\n\t\t\t\t\t\t\t\t\t<ul><li><strong>Change engine oil and oil filter (synthetic oil if necessary).<\/strong><\/li><li><strong>Replacing spark plugs.<\/strong><\/li><li><strong>Ension chain case oil change and drain plug cleaning.<\/strong><\/li><li><strong>Gear oil change and drain plug cleaning (Bel Ray Gear Lube).<\/strong><\/li><li><strong>Cleaning the oil screen of lifts.<\/strong><\/li><li><strong>Lubrication of gear and brake pedal bearings.<\/strong><\/li><li><strong>Lubrication of the front brake lever.<\/strong><\/li><li><strong>Lubricating the throttle cables.<\/strong><\/li><li><strong>Lubrication of the clutch cable and hand lever.<\/strong><\/li><li><strong>Lubrication of the side support.<\/strong><\/li><li><strong>Lubrication of saddlebag hinges and latches.<\/strong><\/li><li><strong>Ohjauslaakereide voitelu ja tarkastus.<\/strong><\/li><\/ul>\t\t\t\t\t\t\t\t<\/div>\n\t\t\t\t<\/div>\n\t\t<div class=\"elementor-element elementor-element-fdaf725 e-con-full e-flex e-con e-child\" data-id=\"fdaf725\" data-element_type=\"container\">\n\t\t\t\t<div class=\"elementor-element elementor-element-5866633 elementor-widget elementor-widget-image\" data-id=\"5866633\" data-element_type=\"widget\" data-widget_type=\"image.default\">\n\t\t\t\t<div class=\"elementor-widget-container\">\n\t\t\t\t\t\t\t\t\t\t\t\t\t\t\t<img fetchpriority=\"high\" decoding=\"async\" width=\"940\" height=\"705\" src=\"https:\/\/vtwingarage.fi\/wp-content\/uploads\/2025\/05\/oil-pour.jpg\" class=\"attachment-full size-full wp-image-81457\" alt=\"\" srcset=\"https:\/\/vtwingarage.fi\/wp-content\/uploads\/2025\/05\/oil-pour.jpg 940w, https:\/\/vtwingarage.fi\/wp-content\/uploads\/2025\/05\/oil-pour-300x225.jpg 300w, https:\/\/vtwingarage.fi\/wp-content\/uploads\/2025\/05\/oil-pour-768x576.jpg 768w, https:\/\/vtwingarage.fi\/wp-content\/uploads\/2025\/05\/oil-pour-600x450.jpg 600w\" sizes=\"(max-width: 940px) 100vw, 940px\" \/>\t\t\t\t\t\t\t\t\t\t\t\t\t\t\t<\/div>\n\t\t\t\t<\/div>\n\t\t\t\t<\/div>\n\t\t\t\t\t<\/div>\n\t\t\t\t<\/div>\n\t\t\t\t<\/div>","protected":false},"excerpt":{"rendered":"<p>\u00d6ljyt ja voitelut Tarkastukset ja s\u00e4\u00e4d\u00f6t Moottori\u00f6ljyn ja \u00f6ljynsuodattimen vaihto (tarvittaessa synteettinen \u00f6ljy). Sytytystulppien vaihto. Ension ketjukotelon \u00f6ljyn vaihto ja tyhjennystulpan puhdistus. Vaihteisto\u00f6ljyn vaihto ja tyhjennystulpan puhdistus (Bel Ray Gear Lube). Nostinten \u00f6ljyseulan puhdistus. Vaihde- ja jarrupolkimen laakereiden voitelu. Etujarrun k\u00e4sivivun voitelu. Kaasukahvan vaijereiden voitelu. Kytkinvaijerin ja k\u00e4sivivun voitelu. Sivutuen voitelu. Satulalaukkujen saranoiden ja salpojen [&hellip;]<\/p>","protected":false},"author":2,"featured_media":0,"parent":0,"menu_order":0,"comment_status":"closed","ping_status":"closed","template":"elementor_header_footer","meta":{"footnotes":""},"class_list":["post-621","page","type-page","status-publish","hentry","entry","owp-thumbs-layout-horizontal","owp-btn-normal","owp-tabs-layout-horizontal","has-no-thumbnails","has-product-nav"],"_links":{"self":[{"href":"https:\/\/vtwingarage.fi\/en\/wp-json\/wp\/v2\/pages\/621","targetHints":{"allow":["GET"]}}],"collection":[{"href":"https:\/\/vtwingarage.fi\/en\/wp-json\/wp\/v2\/pages"}],"about":[{"href":"https:\/\/vtwingarage.fi\/en\/wp-json\/wp\/v2\/types\/page"}],"author":[{"embeddable":true,"href":"https:\/\/vtwingarage.fi\/en\/wp-json\/wp\/v2\/users\/2"}],"replies":[{"embeddable":true,"href":"https:\/\/vtwingarage.fi\/en\/wp-json\/wp\/v2\/comments?post=621"}],"version-history":[{"count":136,"href":"https:\/\/vtwingarage.fi\/en\/wp-json\/wp\/v2\/pages\/621\/revisions"}],"predecessor-version":[{"id":145735,"href":"https:\/\/vtwingarage.fi\/en\/wp-json\/wp\/v2\/pages\/621\/revisions\/145735"}],"wp:attachment":[{"href":"https:\/\/vtwingarage.fi\/en\/wp-json\/wp\/v2\/media?parent=621"}],"curies":[{"name":"wp","href":"https:\/\/api.w.org\/{rel}","templated":true}]}}