{"id":597,"date":"2025-03-20T13:09:13","date_gmt":"2025-03-20T13:09:13","guid":{"rendered":"https:\/\/vtwingarage.fi\/?page_id=597"},"modified":"2025-06-04T18:23:18","modified_gmt":"2025-06-04T18:23:18","slug":"harley-davidson-huolto","status":"publish","type":"page","link":"https:\/\/vtwingarage.fi\/en\/harley-davidson-huolto\/","title":{"rendered":"Harley- Davidson Maintenance"},"content":{"rendered":"<div data-elementor-type=\"wp-page\" data-elementor-id=\"597\" class=\"elementor elementor-597\" data-elementor-post-type=\"page\">\n\t\t\t\t<div class=\"elementor-element elementor-element-0a127ea e-flex e-con-boxed e-con e-parent\" data-id=\"0a127ea\" data-element_type=\"container\">\n\t\t\t\t\t<div class=\"e-con-inner\">\n\t\t\t\t<div class=\"elementor-element elementor-element-7034bf3 elementor-widget__width-initial elementor-widget elementor-widget-heading\" data-id=\"7034bf3\" data-element_type=\"widget\" data-widget_type=\"heading.default\">\n\t\t\t\t<div class=\"elementor-widget-container\">\n\t\t\t\t\t<h3 class=\"elementor-heading-title elementor-size-default\">Harley- Davidson Maintenance<\/h3>\t\t\t\t<\/div>\n\t\t\t\t<\/div>\n\t\t\t\t\t<\/div>\n\t\t\t\t<\/div>\n\t\t<div class=\"elementor-element elementor-element-a685d06 e-con-full e-flex e-con e-parent\" data-id=\"a685d06\" data-element_type=\"container\">\n\t\t\t\t<div class=\"elementor-element elementor-element-9a9886e elementor-widget__width-initial elementor-widget-mobile__width-initial elementor-widget elementor-widget-text-editor\" data-id=\"9a9886e\" data-element_type=\"widget\" data-widget_type=\"text-editor.default\">\n\t\t\t\t<div class=\"elementor-widget-container\">\n\t\t\t\t\t\t\t\t\t<p>We specialize in Harley-Davidson motorcycle maintenance \u2013 with decades of experience. Basic maintenance is a comprehensive service package where we strengthen the safe and reliable operation of your motorcycle.<\/p>\t\t\t\t\t\t\t\t<\/div>\n\t\t\t\t<\/div>\n\t\t\t\t<div class=\"elementor-element elementor-element-0248e57 elementor-widget elementor-widget-image\" data-id=\"0248e57\" data-element_type=\"widget\" data-widget_type=\"image.default\">\n\t\t\t\t<div class=\"elementor-widget-container\">\n\t\t\t\t\t\t\t\t\t\t\t\t\t\t\t<img fetchpriority=\"high\" decoding=\"async\" width=\"1920\" height=\"1280\" src=\"https:\/\/vtwingarage.fi\/wp-content\/uploads\/2025\/05\/Nimega-18.jpg\" class=\"attachment-full size-full wp-image-81189\" alt=\"\" srcset=\"https:\/\/vtwingarage.fi\/wp-content\/uploads\/2025\/05\/Nimega-18.jpg 1920w, https:\/\/vtwingarage.fi\/wp-content\/uploads\/2025\/05\/Nimega-18-300x200.jpg 300w, https:\/\/vtwingarage.fi\/wp-content\/uploads\/2025\/05\/Nimega-18-1024x683.jpg 1024w, https:\/\/vtwingarage.fi\/wp-content\/uploads\/2025\/05\/Nimega-18-768x512.jpg 768w, https:\/\/vtwingarage.fi\/wp-content\/uploads\/2025\/05\/Nimega-18-1536x1024.jpg 1536w, https:\/\/vtwingarage.fi\/wp-content\/uploads\/2025\/05\/Nimega-18-600x400.jpg 600w\" sizes=\"(max-width: 1920px) 100vw, 1920px\" \/>\t\t\t\t\t\t\t\t\t\t\t\t\t\t\t<\/div>\n\t\t\t\t<\/div>\n\t\t\t\t<\/div>\n\t\t<div class=\"elementor-element elementor-element-4b8bbeb e-flex e-con-boxed e-con e-parent\" data-id=\"4b8bbeb\" data-element_type=\"container\">\n\t\t\t\t\t<div class=\"e-con-inner\">\n\t\t<div class=\"elementor-element elementor-element-e4bbd0e e-con-full e-flex e-con e-child\" data-id=\"e4bbd0e\" data-element_type=\"container\">\n\t\t\t\t<div class=\"elementor-element elementor-element-cd9a304 elementor-mobile-align-center elementor-widget__width-initial elementor-widget elementor-widget-button\" data-id=\"cd9a304\" data-element_type=\"widget\" data-widget_type=\"button.default\">\n\t\t\t\t<div class=\"elementor-widget-container\">\n\t\t\t\t\t\t\t\t\t<div class=\"elementor-button-wrapper\">\n\t\t\t\t\t<a class=\"elementor-button elementor-button-link elementor-size-sm\" href=\"https:\/\/vtwingarage.fi\/en\/oljyt-ja-voitelut\/\">\n\t\t\t\t\t\t<span class=\"elementor-button-content-wrapper\">\n\t\t\t\t\t\t\t\t\t<span class=\"elementor-button-text\">Oils and lubricants<\/span>\n\t\t\t\t\t<\/span>\n\t\t\t\t\t<\/a>\n\t\t\t\t<\/div>\n\t\t\t\t\t\t\t\t<\/div>\n\t\t\t\t<\/div>\n\t\t\t\t<div class=\"elementor-element elementor-element-ddb8219 elementor-mobile-align-center elementor-widget__width-initial elementor-widget elementor-widget-button\" data-id=\"ddb8219\" data-element_type=\"widget\" data-widget_type=\"button.default\">\n\t\t\t\t<div class=\"elementor-widget-container\">\n\t\t\t\t\t\t\t\t\t<div class=\"elementor-button-wrapper\">\n\t\t\t\t\t<a class=\"elementor-button elementor-button-link elementor-size-sm\" href=\"https:\/\/vtwingarage.fi\/en\/tarkastukset-ja-saadot\/\">\n\t\t\t\t\t\t<span class=\"elementor-button-content-wrapper\">\n\t\t\t\t\t\t\t\t\t<span class=\"elementor-button-text\">Inspections and adjustments<\/span>\n\t\t\t\t\t<\/span>\n\t\t\t\t\t<\/a>\n\t\t\t\t<\/div>\n\t\t\t\t\t\t\t\t<\/div>\n\t\t\t\t<\/div>\n\t\t\t\t<\/div>\n\t\t\t\t\t<\/div>\n\t\t\t\t<\/div>\n\t\t\t\t<\/div>","protected":false},"excerpt":{"rendered":"<p>Harley-Davidson Huolto Olemme erikoistuneet Harley-Davidson &#8211; moottoripy\u00f6rien huoltoon \u2013 kokemusta on kertynyt vuosikymmenten varrelta. Perushuolto on kattava palvelukokonaisuus, jossa varmistamme moottoripy\u00f6r\u00e4si turvallisen ja luotettavan toiminnan. \u00d6ljyt ja voitelut Tarkastukset ja s\u00e4\u00e4d\u00f6t<\/p>","protected":false},"author":2,"featured_media":0,"parent":0,"menu_order":0,"comment_status":"closed","ping_status":"closed","template":"elementor_header_footer","meta":{"footnotes":""},"class_list":["post-597","page","type-page","status-publish","hentry","entry","owp-thumbs-layout-horizontal","owp-btn-normal","owp-tabs-layout-horizontal","has-no-thumbnails","has-product-nav"],"_links":{"self":[{"href":"https:\/\/vtwingarage.fi\/en\/wp-json\/wp\/v2\/pages\/597","targetHints":{"allow":["GET"]}}],"collection":[{"href":"https:\/\/vtwingarage.fi\/en\/wp-json\/wp\/v2\/pages"}],"about":[{"href":"https:\/\/vtwingarage.fi\/en\/wp-json\/wp\/v2\/types\/page"}],"author":[{"embeddable":true,"href":"https:\/\/vtwingarage.fi\/en\/wp-json\/wp\/v2\/users\/2"}],"replies":[{"embeddable":true,"href":"https:\/\/vtwingarage.fi\/en\/wp-json\/wp\/v2\/comments?post=597"}],"version-history":[{"count":271,"href":"https:\/\/vtwingarage.fi\/en\/wp-json\/wp\/v2\/pages\/597\/revisions"}],"predecessor-version":[{"id":159437,"href":"https:\/\/vtwingarage.fi\/en\/wp-json\/wp\/v2\/pages\/597\/revisions\/159437"}],"wp:attachment":[{"href":"https:\/\/vtwingarage.fi\/en\/wp-json\/wp\/v2\/media?parent=597"}],"curies":[{"name":"wp","href":"https:\/\/api.w.org\/{rel}","templated":true}]}}