{"id":401,"date":"2025-02-11T14:27:28","date_gmt":"2025-02-11T14:27:28","guid":{"rendered":"https:\/\/vtwingarage.fi\/?page_id=401"},"modified":"2025-05-29T11:44:51","modified_gmt":"2025-05-29T11:44:51","slug":"palvelut","status":"publish","type":"page","link":"https:\/\/vtwingarage.fi\/en\/palvelut\/","title":{"rendered":"Service"},"content":{"rendered":"<div data-elementor-type=\"wp-page\" data-elementor-id=\"401\" class=\"elementor elementor-401\" data-elementor-post-type=\"page\">\n\t\t\t\t<div class=\"elementor-element elementor-element-22a549e1 e-flex e-con-boxed elementor-invisible e-con e-parent\" data-id=\"22a549e1\" data-element_type=\"container\" data-settings=\"{&quot;animation&quot;:&quot;fadeInUp&quot;,&quot;background_background&quot;:&quot;classic&quot;}\">\n\t\t\t\t\t<div class=\"e-con-inner\">\n\t\t<a class=\"elementor-element elementor-element-42d73ebe e-con-full e-flex e-con e-child\" data-id=\"42d73ebe\" data-element_type=\"container\" data-settings=\"{&quot;background_background&quot;:&quot;classic&quot;}\" href=\"https:\/\/vtwingarage.fi\/en\/harley-davidson-huolto\/\" target=\"_blank\">\n\t\t\t\t<div class=\"elementor-element elementor-element-e298bce animated-slow elementor-widget__width-inherit elementor-invisible elementor-widget elementor-widget-heading\" data-id=\"e298bce\" data-element_type=\"widget\" data-settings=\"{&quot;_animation&quot;:&quot;fadeIn&quot;}\" data-widget_type=\"heading.default\">\n\t\t\t\t<div class=\"elementor-widget-container\">\n\t\t\t\t\t<h3 class=\"elementor-heading-title elementor-size-default\">Harley- Davidson Maintenance<\/h3>\t\t\t\t<\/div>\n\t\t\t\t<\/div>\n\t\t\t\t<\/a>\n\t\t<a class=\"elementor-element elementor-element-8c50eb3 e-con-full e-flex e-con e-child\" data-id=\"8c50eb3\" data-element_type=\"container\" data-settings=\"{&quot;background_background&quot;:&quot;classic&quot;}\" href=\"https:\/\/vtwingarage.fi\/en\/mp-merkkien-huolto\/\" target=\"_blank\">\n\t\t\t\t<div class=\"elementor-element elementor-element-33dfa66 animated-slow elementor-widget__width-inherit elementor-invisible elementor-widget elementor-widget-heading\" data-id=\"33dfa66\" data-element_type=\"widget\" data-settings=\"{&quot;_animation&quot;:&quot;fadeIn&quot;}\" data-widget_type=\"heading.default\">\n\t\t\t\t<div class=\"elementor-widget-container\">\n\t\t\t\t\t<h3 class=\"elementor-heading-title elementor-size-default\">Maintenance of MP brands<\/h3>\t\t\t\t<\/div>\n\t\t\t\t<\/div>\n\t\t\t\t<\/a>\n\t\t<a class=\"elementor-element elementor-element-71f65b41 e-con-full e-flex e-con e-child\" data-id=\"71f65b41\" data-element_type=\"container\" data-settings=\"{&quot;background_background&quot;:&quot;classic&quot;}\" href=\"https:\/\/vtwingarage.fi\/en\/taydellinen-moottoriremontti\/\" target=\"_blank\">\n\t\t\t\t<div class=\"elementor-element elementor-element-27711e8 animated-slow elementor-widget__width-inherit elementor-invisible elementor-widget elementor-widget-heading\" data-id=\"27711e8\" data-element_type=\"widget\" data-settings=\"{&quot;_animation&quot;:&quot;fadeIn&quot;}\" data-widget_type=\"heading.default\">\n\t\t\t\t<div class=\"elementor-widget-container\">\n\t\t\t\t\t<h3 class=\"elementor-heading-title elementor-size-default\">Complete engine maintenance<\/h3>\t\t\t\t<\/div>\n\t\t\t\t<\/div>\n\t\t\t\t<\/a>\n\t\t<a class=\"elementor-element elementor-element-9d39f58 e-con-full e-flex e-con e-child\" data-id=\"9d39f58\" data-element_type=\"container\" data-settings=\"{&quot;background_background&quot;:&quot;classic&quot;}\" href=\"https:\/\/vtwingarage.fi\/en\/dynopalvelut\/\" target=\"_blank\">\n\t\t\t\t<div class=\"elementor-element elementor-element-d3a7717 animated-slow elementor-widget__width-inherit elementor-invisible elementor-widget elementor-widget-heading\" data-id=\"d3a7717\" data-element_type=\"widget\" data-settings=\"{&quot;_animation&quot;:&quot;fadeIn&quot;}\" data-widget_type=\"heading.default\">\n\t\t\t\t<div class=\"elementor-widget-container\">\n\t\t\t\t\t<h3 class=\"elementor-heading-title elementor-size-default\">Dyno Services<\/h3>\t\t\t\t<\/div>\n\t\t\t\t<\/div>\n\t\t\t\t<\/a>\n\t\t<a class=\"elementor-element elementor-element-077cbdb e-con-full e-flex e-con e-child\" data-id=\"077cbdb\" data-element_type=\"container\" data-settings=\"{&quot;background_background&quot;:&quot;classic&quot;}\" href=\"https:\/\/vtwingarage.fi\/en\/rengastyot\/\" target=\"_blank\">\n\t\t\t\t<div class=\"elementor-element elementor-element-3abd16f animated-slow elementor-widget__width-inherit elementor-invisible elementor-widget elementor-widget-heading\" data-id=\"3abd16f\" data-element_type=\"widget\" data-settings=\"{&quot;_animation&quot;:&quot;fadeIn&quot;}\" data-widget_type=\"heading.default\">\n\t\t\t\t<div class=\"elementor-widget-container\">\n\t\t\t\t\t<h3 class=\"elementor-heading-title elementor-size-default\">Tire Works<\/h3>\t\t\t\t<\/div>\n\t\t\t\t<\/div>\n\t\t\t\t<\/a>\n\t\t<a class=\"elementor-element elementor-element-2830288 e-con-full e-flex e-con e-child\" data-id=\"2830288\" data-element_type=\"container\" data-settings=\"{&quot;background_background&quot;:&quot;classic&quot;}\" href=\"https:\/\/vtwingarage.fi\/en\/motocrosspyorat-mopot\/\" target=\"_blank\">\n\t\t\t\t<div class=\"elementor-element elementor-element-f89bc9c animated-slow elementor-widget__width-inherit elementor-invisible elementor-widget elementor-widget-heading\" data-id=\"f89bc9c\" data-element_type=\"widget\" data-settings=\"{&quot;_animation&quot;:&quot;fadeIn&quot;}\" data-widget_type=\"heading.default\">\n\t\t\t\t<div class=\"elementor-widget-container\">\n\t\t\t\t\t<h3 class=\"elementor-heading-title elementor-size-default\">Motocross bikes\/Mopeds<\/h3>\t\t\t\t<\/div>\n\t\t\t\t<\/div>\n\t\t\t\t<\/a>\n\t\t\t\t\t<\/div>\n\t\t\t\t<\/div>\n\t\t\t\t<\/div>","protected":false},"excerpt":{"rendered":"<p>Harley-Davidson Huolto MP merkkien huolto T\u00e4ydellinen moottoriremontti Dynopalvelut Rengasty\u00f6t Motocrosspy\u00f6rat \/ Mopot<\/p>","protected":false},"author":2,"featured_media":0,"parent":0,"menu_order":0,"comment_status":"closed","ping_status":"closed","template":"elementor_header_footer","meta":{"footnotes":""},"class_list":["post-401","page","type-page","status-publish","hentry","entry","owp-thumbs-layout-horizontal","owp-btn-normal","owp-tabs-layout-horizontal","has-no-thumbnails","has-product-nav"],"_links":{"self":[{"href":"https:\/\/vtwingarage.fi\/en\/wp-json\/wp\/v2\/pages\/401","targetHints":{"allow":["GET"]}}],"collection":[{"href":"https:\/\/vtwingarage.fi\/en\/wp-json\/wp\/v2\/pages"}],"about":[{"href":"https:\/\/vtwingarage.fi\/en\/wp-json\/wp\/v2\/types\/page"}],"author":[{"embeddable":true,"href":"https:\/\/vtwingarage.fi\/en\/wp-json\/wp\/v2\/users\/2"}],"replies":[{"embeddable":true,"href":"https:\/\/vtwingarage.fi\/en\/wp-json\/wp\/v2\/comments?post=401"}],"version-history":[{"count":362,"href":"https:\/\/vtwingarage.fi\/en\/wp-json\/wp\/v2\/pages\/401\/revisions"}],"predecessor-version":[{"id":82050,"href":"https:\/\/vtwingarage.fi\/en\/wp-json\/wp\/v2\/pages\/401\/revisions\/82050"}],"wp:attachment":[{"href":"https:\/\/vtwingarage.fi\/en\/wp-json\/wp\/v2\/media?parent=401"}],"curies":[{"name":"wp","href":"https:\/\/api.w.org\/{rel}","templated":true}]}}